{"id":50,"date":"2026-01-18T11:38:52","date_gmt":"2026-01-18T10:38:52","guid":{"rendered":"https:\/\/luvert.store\/menu\/"},"modified":"2026-01-18T15:30:50","modified_gmt":"2026-01-18T14:30:50","slug":"menu","status":"publish","type":"page","link":"https:\/\/luvert.store\/en\/menu\/","title":{"rendered":"Menu"},"content":{"rendered":"<div class=\"wp-block-group alignfull is-style-ext-preset--group--natural-1--section has-background-background-color has-background has-global-padding is-layout-constrained wp-container-core-group-is-layout-e955bbaf wp-block-group-is-layout-constrained\" id=\"menu\" style=\"margin-top:0;margin-bottom:0;padding-top:var(--wp--preset--spacing--70);padding-bottom:var(--wp--preset--spacing--70)\">\n<div class=\"wp-block-group alignwide is-vertical is-content-justification-center is-layout-flex wp-container-core-group-is-layout-c9ee0c5a wp-block-group-is-layout-flex\">\n<div class=\"wp-block-group has-global-padding is-layout-constrained wp-container-core-group-is-layout-5e05634a wp-block-group-is-layout-constrained\">\n<h2 class=\"wp-block-heading has-text-align-center\">Pivo, toasty a special<\/h2>\n\n\n\n<p class=\"has-text-align-center\">Objavte v\u00fdber chutn\u00fdch jed\u00e1l a osvie\u017euj\u00facich n\u00e1pojov v na\u0161om menu.<\/p>\n<\/div>\n<\/div>\n\n\n\n<div class=\"wp-block-columns alignwide is-layout-flex wp-container-core-columns-is-layout-08c01c1c wp-block-columns-is-layout-flex\">\n<div class=\"wp-block-column is-vertically-aligned-stretch is-layout-flow wp-container-core-column-is-layout-119bc444 wp-block-column-is-layout-flow\">\n<div class=\"wp-block-group is-style-ext-preset--group--natural-1--item-card-1--align-start has-global-padding is-layout-constrained wp-block-group-is-layout-constrained is-style-ext-preset--group--natural-1--item-card-1--align-start--2\">\n<div class=\"wp-block-group is-style-default has-global-padding is-layout-constrained wp-block-group-is-layout-constrained\">\n<div class=\"wp-block-group is-nowrap is-layout-flex wp-container-core-group-is-layout-73492678 wp-block-group-is-layout-flex\" style=\"padding-top:0;padding-right:0;padding-bottom:0;padding-left:0\">\n<figure class=\"wp-block-image size-large has-custom-border ext-aspect-landscape wp-container-content-d9f67ff0\"><img loading=\"lazy\" decoding=\"async\" width=\"1029\" height=\"1440\" src=\"https:\/\/luvert.store\/wp-content\/uploads\/2026\/01\/981e189189ce05583630df95b3e1afe881acda04.jpg\" alt=\"\" class=\"wp-image-71\" style=\"border-radius:100px;aspect-ratio:1;object-fit:cover\" srcset=\"https:\/\/luvert.store\/wp-content\/uploads\/2026\/01\/981e189189ce05583630df95b3e1afe881acda04.jpg 1029w, https:\/\/luvert.store\/wp-content\/uploads\/2026\/01\/981e189189ce05583630df95b3e1afe881acda04-214x300.jpg 214w, https:\/\/luvert.store\/wp-content\/uploads\/2026\/01\/981e189189ce05583630df95b3e1afe881acda04-732x1024.jpg 732w, https:\/\/luvert.store\/wp-content\/uploads\/2026\/01\/981e189189ce05583630df95b3e1afe881acda04-768x1075.jpg 768w, https:\/\/luvert.store\/wp-content\/uploads\/2026\/01\/981e189189ce05583630df95b3e1afe881acda04-9x12.jpg 9w\" sizes=\"auto, (max-width: 1029px) 100vw, 1029px\" \/><\/figure>\n\n\n\n<div class=\"wp-block-group wp-container-content-958eb9dc has-global-padding is-layout-constrained wp-container-core-group-is-layout-c06d165c wp-block-group-is-layout-constrained\" style=\"padding-top:0;padding-right:0;padding-bottom:0;padding-left:0\">\n<div class=\"wp-block-group is-content-justification-space-between is-layout-flex wp-container-core-group-is-layout-6dafecd9 wp-block-group-is-layout-flex\" style=\"padding-top:0;padding-right:0;padding-bottom:0;padding-left:0\">\n<h3 class=\"wp-block-heading\">Toast A<\/h3>\n\n\n\n<h3 class=\"wp-block-heading\">3,50 \u20ac<\/h3>\n<\/div>\n\n\n\n<p>Chrumkav\u00fd toast so \u0161\u0165avnatou n\u00e1pl\u0148ou pripraven\u00fd s l\u00e1skou.<\/p>\n<\/div>\n<\/div>\n<\/div>\n<\/div>\n<\/div>\n\n\n\n<div class=\"wp-block-column is-vertically-aligned-stretch is-layout-flow wp-container-core-column-is-layout-119bc444 wp-block-column-is-layout-flow\">\n<div class=\"wp-block-group is-style-ext-preset--group--natural-1--item-card-1--align-start has-global-padding is-layout-constrained wp-block-group-is-layout-constrained is-style-ext-preset--group--natural-1--item-card-1--align-start--3\">\n<div class=\"wp-block-group is-style-default has-global-padding is-layout-constrained wp-block-group-is-layout-constrained\">\n<div class=\"wp-block-group is-nowrap is-layout-flex wp-container-core-group-is-layout-73492678 wp-block-group-is-layout-flex\" style=\"padding-top:0;padding-right:0;padding-bottom:0;padding-left:0\">\n<figure class=\"wp-block-image size-large has-custom-border ext-aspect-landscape wp-container-content-d9f67ff0\"><img loading=\"lazy\" decoding=\"async\" width=\"1440\" height=\"960\" src=\"https:\/\/luvert.store\/wp-content\/uploads\/2026\/01\/f00fcd931c684c4038e657ace7b75ad72dd5aa1f.jpg\" alt=\"\" class=\"wp-image-76\" style=\"border-radius:100px;aspect-ratio:1;object-fit:cover\" srcset=\"https:\/\/luvert.store\/wp-content\/uploads\/2026\/01\/f00fcd931c684c4038e657ace7b75ad72dd5aa1f.jpg 1440w, https:\/\/luvert.store\/wp-content\/uploads\/2026\/01\/f00fcd931c684c4038e657ace7b75ad72dd5aa1f-300x200.jpg 300w, https:\/\/luvert.store\/wp-content\/uploads\/2026\/01\/f00fcd931c684c4038e657ace7b75ad72dd5aa1f-1024x683.jpg 1024w, https:\/\/luvert.store\/wp-content\/uploads\/2026\/01\/f00fcd931c684c4038e657ace7b75ad72dd5aa1f-768x512.jpg 768w, https:\/\/luvert.store\/wp-content\/uploads\/2026\/01\/f00fcd931c684c4038e657ace7b75ad72dd5aa1f-18x12.jpg 18w\" sizes=\"auto, (max-width: 1440px) 100vw, 1440px\" \/><\/figure>\n\n\n\n<div class=\"wp-block-group wp-container-content-958eb9dc has-global-padding is-layout-constrained wp-container-core-group-is-layout-c06d165c wp-block-group-is-layout-constrained\" style=\"padding-top:0;padding-right:0;padding-bottom:0;padding-left:0\">\n<div class=\"wp-block-group is-content-justification-space-between is-layout-flex wp-container-core-group-is-layout-6dafecd9 wp-block-group-is-layout-flex\" style=\"padding-top:0;padding-right:0;padding-bottom:0;padding-left:0\">\n<h3 class=\"wp-block-heading\">PIVO<\/h3>\n\n\n\n<h3 class=\"wp-block-heading\">4,20 \u20ac<\/h3>\n<\/div>\n\n\n\n<p>F\u013ea\u0161a lok\u00e1lneho piva s v\u00fdraznou chu\u0165ou a vyv\u00e1\u017een\u00fdm telom.<\/p>\n<\/div>\n<\/div>\n<\/div>\n<\/div>\n<\/div>\n<\/div>\n\n\n\n<div class=\"wp-block-columns alignwide is-layout-flex wp-container-core-columns-is-layout-967d05ff wp-block-columns-is-layout-flex\" style=\"margin-top:var(--wp--preset--spacing--40)\">\n<div class=\"wp-block-column is-vertically-aligned-stretch is-layout-flow wp-container-core-column-is-layout-119bc444 wp-block-column-is-layout-flow\">\n<div class=\"wp-block-group is-style-ext-preset--group--natural-1--item-card-1--align-start has-global-padding is-layout-constrained wp-block-group-is-layout-constrained is-style-ext-preset--group--natural-1--item-card-1--align-start--4\">\n<div class=\"wp-block-group is-style-default has-global-padding is-layout-constrained wp-block-group-is-layout-constrained\">\n<div class=\"wp-block-group is-nowrap is-layout-flex wp-container-core-group-is-layout-73492678 wp-block-group-is-layout-flex\" style=\"padding-top:0;padding-right:0;padding-bottom:0;padding-left:0\">\n<figure class=\"wp-block-image size-large has-custom-border ext-aspect-landscape wp-container-content-d9f67ff0\"><img loading=\"lazy\" decoding=\"async\" width=\"960\" height=\"1440\" src=\"https:\/\/luvert.store\/wp-content\/uploads\/2026\/01\/fa017dad9f622291262d91d63e95221cfe126975.jpg\" alt=\"\" class=\"wp-image-77\" style=\"border-radius:100px;aspect-ratio:1;object-fit:cover\" srcset=\"https:\/\/luvert.store\/wp-content\/uploads\/2026\/01\/fa017dad9f622291262d91d63e95221cfe126975.jpg 960w, https:\/\/luvert.store\/wp-content\/uploads\/2026\/01\/fa017dad9f622291262d91d63e95221cfe126975-200x300.jpg 200w, https:\/\/luvert.store\/wp-content\/uploads\/2026\/01\/fa017dad9f622291262d91d63e95221cfe126975-683x1024.jpg 683w, https:\/\/luvert.store\/wp-content\/uploads\/2026\/01\/fa017dad9f622291262d91d63e95221cfe126975-768x1152.jpg 768w, https:\/\/luvert.store\/wp-content\/uploads\/2026\/01\/fa017dad9f622291262d91d63e95221cfe126975-8x12.jpg 8w\" sizes=\"auto, (max-width: 960px) 100vw, 960px\" \/><\/figure>\n\n\n\n<div class=\"wp-block-group wp-container-content-958eb9dc has-global-padding is-layout-constrained wp-container-core-group-is-layout-c06d165c wp-block-group-is-layout-constrained\" style=\"padding-top:0;padding-right:0;padding-bottom:0;padding-left:0\">\n<div class=\"wp-block-group is-content-justification-space-between is-layout-flex wp-container-core-group-is-layout-6dafecd9 wp-block-group-is-layout-flex\" style=\"padding-top:0;padding-right:0;padding-bottom:0;padding-left:0\">\n<h3 class=\"wp-block-heading\">Toast B<\/h3>\n\n\n\n<h3 class=\"wp-block-heading\">4,00 \u20ac<\/h3>\n\n\n\n<p>Klasick\u00fd toast s lahodnou kombin\u00e1ciou syra a \u0161unky.<\/p>\n<\/div>\n<\/div>\n<\/div>\n<\/div>\n<\/div>\n<\/div>\n\n\n\n<div class=\"wp-block-column is-vertically-aligned-stretch is-layout-flow wp-container-core-column-is-layout-119bc444 wp-block-column-is-layout-flow\">\n<div class=\"wp-block-group is-style-ext-preset--group--natural-1--item-card-1--align-start has-global-padding is-layout-constrained wp-block-group-is-layout-constrained is-style-ext-preset--group--natural-1--item-card-1--align-start--5\">\n<div class=\"wp-block-group is-style-default has-global-padding is-layout-constrained wp-block-group-is-layout-constrained\">\n<div class=\"wp-block-group is-nowrap is-layout-flex wp-container-core-group-is-layout-73492678 wp-block-group-is-layout-flex\" style=\"padding-top:0;padding-right:0;padding-bottom:0;padding-left:0\">\n<figure class=\"wp-block-image size-large has-custom-border ext-aspect-landscape wp-container-content-d9f67ff0\"><img loading=\"lazy\" decoding=\"async\" width=\"1024\" height=\"473\" src=\"https:\/\/luvert.store\/wp-content\/uploads\/2026\/01\/Hermelin_fresh-1024x473.jpg\" alt=\"\" class=\"wp-image-150\" style=\"border-radius:100px;aspect-ratio:1;object-fit:cover\" srcset=\"https:\/\/luvert.store\/wp-content\/uploads\/2026\/01\/Hermelin_fresh-1024x473.jpg 1024w, https:\/\/luvert.store\/wp-content\/uploads\/2026\/01\/Hermelin_fresh-300x139.jpg 300w, https:\/\/luvert.store\/wp-content\/uploads\/2026\/01\/Hermelin_fresh-768x355.jpg 768w, https:\/\/luvert.store\/wp-content\/uploads\/2026\/01\/Hermelin_fresh-18x8.jpg 18w, https:\/\/luvert.store\/wp-content\/uploads\/2026\/01\/Hermelin_fresh.jpg 1360w\" sizes=\"auto, (max-width: 1024px) 100vw, 1024px\" \/><\/figure>\n\n\n\n<div class=\"wp-block-group wp-container-content-958eb9dc has-global-padding is-layout-constrained wp-container-core-group-is-layout-c06d165c wp-block-group-is-layout-constrained\" style=\"padding-top:0;padding-right:0;padding-bottom:0;padding-left:0\">\n<div class=\"wp-block-group is-content-justification-space-between is-layout-flex wp-container-core-group-is-layout-6dafecd9 wp-block-group-is-layout-flex\" style=\"padding-top:0;padding-right:0;padding-bottom:0;padding-left:0\">\n<h3 class=\"wp-block-heading\">Hermelin<\/h3>\n\n\n\n<h3 class=\"wp-block-heading\">2,50 \u20ac<\/h3>\n<\/div>\n\n\n\n<p>Chrumkav\u00e1 pr\u00edloha, ide\u00e1lna na doplnenie v\u00e1\u0161ho piva.<\/p>\n<\/div>\n<\/div>\n<\/div>\n<\/div>\n<\/div>\n<\/div>\n\n\n\n<div class=\"wp-block-columns alignwide is-layout-flex wp-container-core-columns-is-layout-967d05ff wp-block-columns-is-layout-flex\" style=\"margin-top:var(--wp--preset--spacing--40)\">\n<div class=\"wp-block-column is-vertically-aligned-stretch is-layout-flow wp-container-core-column-is-layout-119bc444 wp-block-column-is-layout-flow\">\n<div class=\"wp-block-group is-style-ext-preset--group--natural-1--item-card-1--align-start has-global-padding is-layout-constrained wp-block-group-is-layout-constrained is-style-ext-preset--group--natural-1--item-card-1--align-start--6\">\n<div class=\"wp-block-group is-style-default has-global-padding is-layout-constrained wp-block-group-is-layout-constrained\">\n<div class=\"wp-block-group is-nowrap is-layout-flex wp-container-core-group-is-layout-73492678 wp-block-group-is-layout-flex\" style=\"padding-top:0;padding-right:0;padding-bottom:0;padding-left:0\">\n<figure class=\"wp-block-image size-large has-custom-border ext-aspect-landscape wp-container-content-d9f67ff0\"><img loading=\"lazy\" decoding=\"async\" width=\"960\" height=\"1440\" src=\"https:\/\/luvert.store\/wp-content\/uploads\/2026\/01\/badc21d439926075ef0ac0f4d618a236b1e16148.jpg\" alt=\"\" class=\"wp-image-79\" style=\"border-radius:100px;aspect-ratio:1;object-fit:cover\" srcset=\"https:\/\/luvert.store\/wp-content\/uploads\/2026\/01\/badc21d439926075ef0ac0f4d618a236b1e16148.jpg 960w, https:\/\/luvert.store\/wp-content\/uploads\/2026\/01\/badc21d439926075ef0ac0f4d618a236b1e16148-200x300.jpg 200w, https:\/\/luvert.store\/wp-content\/uploads\/2026\/01\/badc21d439926075ef0ac0f4d618a236b1e16148-683x1024.jpg 683w, https:\/\/luvert.store\/wp-content\/uploads\/2026\/01\/badc21d439926075ef0ac0f4d618a236b1e16148-768x1152.jpg 768w, https:\/\/luvert.store\/wp-content\/uploads\/2026\/01\/badc21d439926075ef0ac0f4d618a236b1e16148-8x12.jpg 8w\" sizes=\"auto, (max-width: 960px) 100vw, 960px\" \/><\/figure>\n\n\n\n<div class=\"wp-block-group wp-container-content-958eb9dc has-global-padding is-layout-constrained wp-container-core-group-is-layout-c06d165c wp-block-group-is-layout-constrained\" style=\"padding-top:0;padding-right:0;padding-bottom:0;padding-left:0\">\n<div class=\"wp-block-group is-content-justification-space-between is-layout-flex wp-container-core-group-is-layout-6dafecd9 wp-block-group-is-layout-flex\" style=\"padding-top:0;padding-right:0;padding-bottom:0;padding-left:0\">\n<h3 class=\"wp-block-heading\">Limonady s kuskami ovocia <\/h3>\n\n\n\n<h3 class=\"wp-block-heading\">3,00 \u20ac<\/h3>\n\n\n\n<p>Osvie\u017euj\u00faci n\u00e1poj z \u010derstv\u00fdch surov\u00edn s origin\u00e1lnou recept\u00farou.<\/p>\n<\/div>\n<\/div>\n<\/div>\n<\/div>\n<\/div>\n<\/div>\n\n\n\n<div class=\"wp-block-column is-vertically-aligned-stretch is-layout-flow wp-container-core-column-is-layout-119bc444 wp-block-column-is-layout-flow\">\n<div class=\"wp-block-group is-style-ext-preset--group--natural-1--item-card-1--align-start has-global-padding is-layout-constrained wp-block-group-is-layout-constrained is-style-ext-preset--group--natural-1--item-card-1--align-start--7\">\n<div class=\"wp-block-group is-style-default has-global-padding is-layout-constrained wp-block-group-is-layout-constrained\">\n<div class=\"wp-block-group is-nowrap is-layout-flex wp-container-core-group-is-layout-73492678 wp-block-group-is-layout-flex\" style=\"padding-top:0;padding-right:0;padding-bottom:0;padding-left:0\">\n<figure class=\"wp-block-image size-large has-custom-border ext-aspect-landscape wp-container-content-d9f67ff0\"><img loading=\"lazy\" decoding=\"async\" width=\"1440\" height=\"960\" src=\"https:\/\/luvert.store\/wp-content\/uploads\/2026\/01\/206b9d4b43ae115f458f0dd65166b0a74eeb6c83.jpg\" alt=\"\" class=\"wp-image-82\" style=\"border-radius:100px;aspect-ratio:1;object-fit:cover\" srcset=\"https:\/\/luvert.store\/wp-content\/uploads\/2026\/01\/206b9d4b43ae115f458f0dd65166b0a74eeb6c83.jpg 1440w, https:\/\/luvert.store\/wp-content\/uploads\/2026\/01\/206b9d4b43ae115f458f0dd65166b0a74eeb6c83-300x200.jpg 300w, https:\/\/luvert.store\/wp-content\/uploads\/2026\/01\/206b9d4b43ae115f458f0dd65166b0a74eeb6c83-1024x683.jpg 1024w, https:\/\/luvert.store\/wp-content\/uploads\/2026\/01\/206b9d4b43ae115f458f0dd65166b0a74eeb6c83-768x512.jpg 768w, https:\/\/luvert.store\/wp-content\/uploads\/2026\/01\/206b9d4b43ae115f458f0dd65166b0a74eeb6c83-18x12.jpg 18w\" sizes=\"auto, (max-width: 1440px) 100vw, 1440px\" \/><\/figure>\n\n\n\n<div class=\"wp-block-group wp-container-content-958eb9dc has-global-padding is-layout-constrained wp-container-core-group-is-layout-c06d165c wp-block-group-is-layout-constrained\" style=\"padding-top:0;padding-right:0;padding-bottom:0;padding-left:0\">\n<div class=\"wp-block-group is-content-justification-space-between is-layout-flex wp-container-core-group-is-layout-6dafecd9 wp-block-group-is-layout-flex\" style=\"padding-top:0;padding-right:0;padding-bottom:0;padding-left:0\">\n<h3 class=\"wp-block-heading\">Vino<\/h3>\n\n\n\n<h3 class=\"wp-block-heading\">2,80 \u20ac<\/h3>\n<\/div>\n\n\n\n<p>vino<\/p>\n<\/div>\n<\/div>\n<\/div>\n<\/div>\n<\/div>\n<\/div>\n<\/div>\n\n\n\n<figure class=\"wp-block-image size-large\"><img loading=\"lazy\" decoding=\"async\" width=\"1024\" height=\"727\" src=\"https:\/\/luvert.store\/wp-content\/uploads\/2026\/01\/MENU_listok-1024x727.jpg\" alt=\"\" class=\"wp-image-146\" srcset=\"https:\/\/luvert.store\/wp-content\/uploads\/2026\/01\/MENU_listok-1024x727.jpg 1024w, https:\/\/luvert.store\/wp-content\/uploads\/2026\/01\/MENU_listok-300x213.jpg 300w, https:\/\/luvert.store\/wp-content\/uploads\/2026\/01\/MENU_listok-768x545.jpg 768w, https:\/\/luvert.store\/wp-content\/uploads\/2026\/01\/MENU_listok-18x12.jpg 18w, https:\/\/luvert.store\/wp-content\/uploads\/2026\/01\/MENU_listok.jpg 1360w\" sizes=\"auto, (max-width: 1024px) 100vw, 1024px\" \/><\/figure>","protected":false},"excerpt":{"rendered":"<p>Pivo, toasty a special Objavte v\u00fdber chutn\u00fdch jed\u00e1l a osvie\u017euj\u00facich n\u00e1pojov v na\u0161om menu. Toast A 3,50 \u20ac Chrumkav\u00fd toast so \u0161\u0165avnatou n\u00e1pl\u0148ou pripraven\u00fd s l\u00e1skou. PIVO 4,20 \u20ac F\u013ea\u0161a lok\u00e1lneho piva s v\u00fdraznou chu\u0165ou a vyv\u00e1\u017een\u00fdm telom. Toast B 4,00 \u20ac Klasick\u00fd toast s lahodnou kombin\u00e1ciou syra a \u0161unky. Hermelin 2,50 \u20ac Chrumkav\u00e1 pr\u00edloha, [&hellip;]<\/p>","protected":false},"author":1,"featured_media":0,"parent":0,"menu_order":0,"comment_status":"closed","ping_status":"closed","template":"page-with-title","meta":{"_monsterinsights_skip_tracking":false,"_monsterinsights_sitenote_active":false,"_monsterinsights_sitenote_note":"","_monsterinsights_sitenote_category":0,"footnotes":""},"class_list":["post-50","page","type-page","status-publish","hentry"],"aioseo_notices":[],"_links":{"self":[{"href":"https:\/\/luvert.store\/en\/wp-json\/wp\/v2\/pages\/50","targetHints":{"allow":["GET"]}}],"collection":[{"href":"https:\/\/luvert.store\/en\/wp-json\/wp\/v2\/pages"}],"about":[{"href":"https:\/\/luvert.store\/en\/wp-json\/wp\/v2\/types\/page"}],"author":[{"embeddable":true,"href":"https:\/\/luvert.store\/en\/wp-json\/wp\/v2\/users\/1"}],"replies":[{"embeddable":true,"href":"https:\/\/luvert.store\/en\/wp-json\/wp\/v2\/comments?post=50"}],"version-history":[{"count":3,"href":"https:\/\/luvert.store\/en\/wp-json\/wp\/v2\/pages\/50\/revisions"}],"predecessor-version":[{"id":151,"href":"https:\/\/luvert.store\/en\/wp-json\/wp\/v2\/pages\/50\/revisions\/151"}],"wp:attachment":[{"href":"https:\/\/luvert.store\/en\/wp-json\/wp\/v2\/media?parent=50"}],"curies":[{"name":"wp","href":"https:\/\/api.w.org\/{rel}","templated":true}]}}