{"id":53,"date":"2026-01-18T11:38:55","date_gmt":"2026-01-18T10:38:55","guid":{"rendered":"https:\/\/luvert.store\/galeria\/"},"modified":"2026-01-18T15:19:00","modified_gmt":"2026-01-18T14:19:00","slug":"galeria","status":"publish","type":"page","link":"https:\/\/luvert.store\/en\/galeria\/","title":{"rendered":"Gal\u00e9ria"},"content":{"rendered":"<div class=\"wp-block-group alignfull is-style-ext-preset--group--natural-1--section has-background-background-color has-background has-global-padding is-layout-constrained wp-container-core-group-is-layout-f72f1611 wp-block-group-is-layout-constrained\" id=\"galeria\" style=\"margin-top:0;margin-bottom:0;padding-top:var(--wp--preset--spacing--70);padding-bottom:var(--wp--preset--spacing--70)\">\n<div class=\"wp-block-group alignwide is-vertical is-layout-flex wp-container-core-group-is-layout-c35747d5 wp-block-group-is-layout-flex\">\n<div class=\"wp-block-group has-global-padding is-layout-constrained wp-container-core-group-is-layout-5e05634a wp-block-group-is-layout-constrained\">\n<h2 class=\"wp-block-heading\">Atmosf\u00e9ra pln\u00e1 hier, piva a skvelej hudby<\/h2>\n\n\n\n<p class=\"has-text-align-left\">Pozrite si gal\u00e9riu momentiek z na\u0161ich eventov.<\/p>\n<\/div>\n<\/div>\n\n\n\n<div class=\"wp-block-columns alignwide are-vertically-aligned-top is-layout-flex wp-container-core-columns-is-layout-87beb0d0 wp-block-columns-is-layout-flex\">\n<div class=\"wp-block-column is-vertically-aligned-top is-layout-flow wp-container-core-column-is-layout-f5bb311e wp-block-column-is-layout-flow\">\n<figure class=\"wp-block-image is-style-ext-preset--image--natural-1--image-1--content-top is-style-ext-preset--image--natural-1--image-1--content-top--2\"><img loading=\"lazy\" decoding=\"async\" width=\"1440\" height=\"960\" src=\"https:\/\/luvert.store\/wp-content\/uploads\/2026\/01\/f00fcd931c684c4038e657ace7b75ad72dd5aa1f.jpg\" alt=\"\" class=\"wp-image-76\" style=\"aspect-ratio:1;object-fit:cover\" srcset=\"https:\/\/luvert.store\/wp-content\/uploads\/2026\/01\/f00fcd931c684c4038e657ace7b75ad72dd5aa1f.jpg 1440w, https:\/\/luvert.store\/wp-content\/uploads\/2026\/01\/f00fcd931c684c4038e657ace7b75ad72dd5aa1f-300x200.jpg 300w, https:\/\/luvert.store\/wp-content\/uploads\/2026\/01\/f00fcd931c684c4038e657ace7b75ad72dd5aa1f-1024x683.jpg 1024w, https:\/\/luvert.store\/wp-content\/uploads\/2026\/01\/f00fcd931c684c4038e657ace7b75ad72dd5aa1f-768x512.jpg 768w, https:\/\/luvert.store\/wp-content\/uploads\/2026\/01\/f00fcd931c684c4038e657ace7b75ad72dd5aa1f-18x12.jpg 18w\" sizes=\"auto, (max-width: 1440px) 100vw, 1440px\" \/><\/figure>\n\n\n\n<figure class=\"wp-block-image is-style-ext-preset--image--natural-1--image-1--content-top is-style-ext-preset--image--natural-1--image-1--content-top--3\"><img loading=\"lazy\" decoding=\"async\" width=\"1440\" height=\"959\" src=\"https:\/\/luvert.store\/wp-content\/uploads\/2026\/01\/69781dfc9b7f1f121125e28599abed8275894055.jpg\" alt=\"\" class=\"wp-image-78\" style=\"aspect-ratio:1;object-fit:cover\" srcset=\"https:\/\/luvert.store\/wp-content\/uploads\/2026\/01\/69781dfc9b7f1f121125e28599abed8275894055.jpg 1440w, https:\/\/luvert.store\/wp-content\/uploads\/2026\/01\/69781dfc9b7f1f121125e28599abed8275894055-300x200.jpg 300w, https:\/\/luvert.store\/wp-content\/uploads\/2026\/01\/69781dfc9b7f1f121125e28599abed8275894055-1024x682.jpg 1024w, https:\/\/luvert.store\/wp-content\/uploads\/2026\/01\/69781dfc9b7f1f121125e28599abed8275894055-768x511.jpg 768w, https:\/\/luvert.store\/wp-content\/uploads\/2026\/01\/69781dfc9b7f1f121125e28599abed8275894055-18x12.jpg 18w\" sizes=\"auto, (max-width: 1440px) 100vw, 1440px\" \/><\/figure>\n<\/div>\n\n\n\n<div class=\"wp-block-column is-vertically-aligned-top is-layout-flow wp-container-core-column-is-layout-f5bb311e wp-block-column-is-layout-flow\">\n<figure class=\"wp-block-image is-style-ext-preset--image--natural-1--image-1--content-top is-style-ext-preset--image--natural-1--image-1--content-top--4\"><img loading=\"lazy\" decoding=\"async\" width=\"960\" height=\"1440\" src=\"https:\/\/luvert.store\/wp-content\/uploads\/2026\/01\/194d80ca77f6f2d9b5c56a48d0f599623c61ac8b.jpg\" alt=\"\" class=\"wp-image-72\" style=\"aspect-ratio:1;object-fit:cover\" srcset=\"https:\/\/luvert.store\/wp-content\/uploads\/2026\/01\/194d80ca77f6f2d9b5c56a48d0f599623c61ac8b.jpg 960w, https:\/\/luvert.store\/wp-content\/uploads\/2026\/01\/194d80ca77f6f2d9b5c56a48d0f599623c61ac8b-200x300.jpg 200w, https:\/\/luvert.store\/wp-content\/uploads\/2026\/01\/194d80ca77f6f2d9b5c56a48d0f599623c61ac8b-683x1024.jpg 683w, https:\/\/luvert.store\/wp-content\/uploads\/2026\/01\/194d80ca77f6f2d9b5c56a48d0f599623c61ac8b-768x1152.jpg 768w, https:\/\/luvert.store\/wp-content\/uploads\/2026\/01\/194d80ca77f6f2d9b5c56a48d0f599623c61ac8b-8x12.jpg 8w\" sizes=\"auto, (max-width: 960px) 100vw, 960px\" \/><\/figure>\n\n\n\n<figure class=\"wp-block-image is-style-ext-preset--image--natural-1--image-1--content-top is-style-ext-preset--image--natural-1--image-1--content-top--5\"><img loading=\"lazy\" decoding=\"async\" width=\"1440\" height=\"960\" src=\"https:\/\/luvert.store\/wp-content\/uploads\/2026\/01\/c36da2654bf69cf9272e54a98092a2759c6fdea2.jpg\" alt=\"\" class=\"wp-image-69\" style=\"aspect-ratio:1;object-fit:cover\" srcset=\"https:\/\/luvert.store\/wp-content\/uploads\/2026\/01\/c36da2654bf69cf9272e54a98092a2759c6fdea2.jpg 1440w, https:\/\/luvert.store\/wp-content\/uploads\/2026\/01\/c36da2654bf69cf9272e54a98092a2759c6fdea2-300x200.jpg 300w, https:\/\/luvert.store\/wp-content\/uploads\/2026\/01\/c36da2654bf69cf9272e54a98092a2759c6fdea2-1024x683.jpg 1024w, https:\/\/luvert.store\/wp-content\/uploads\/2026\/01\/c36da2654bf69cf9272e54a98092a2759c6fdea2-768x512.jpg 768w, https:\/\/luvert.store\/wp-content\/uploads\/2026\/01\/c36da2654bf69cf9272e54a98092a2759c6fdea2-18x12.jpg 18w\" sizes=\"auto, (max-width: 1440px) 100vw, 1440px\" \/><\/figure>\n<\/div>\n\n\n\n<div class=\"wp-block-column is-vertically-aligned-top is-layout-flow wp-container-core-column-is-layout-f5bb311e wp-block-column-is-layout-flow\">\n<figure class=\"wp-block-image is-style-ext-preset--image--natural-1--image-1--content-top is-style-ext-preset--image--natural-1--image-1--content-top--6\"><img loading=\"lazy\" decoding=\"async\" width=\"1440\" height=\"960\" src=\"https:\/\/luvert.store\/wp-content\/uploads\/2026\/01\/206b9d4b43ae115f458f0dd65166b0a74eeb6c83.jpg\" alt=\"\" class=\"wp-image-82\" style=\"aspect-ratio:1;object-fit:cover\" srcset=\"https:\/\/luvert.store\/wp-content\/uploads\/2026\/01\/206b9d4b43ae115f458f0dd65166b0a74eeb6c83.jpg 1440w, https:\/\/luvert.store\/wp-content\/uploads\/2026\/01\/206b9d4b43ae115f458f0dd65166b0a74eeb6c83-300x200.jpg 300w, https:\/\/luvert.store\/wp-content\/uploads\/2026\/01\/206b9d4b43ae115f458f0dd65166b0a74eeb6c83-1024x683.jpg 1024w, https:\/\/luvert.store\/wp-content\/uploads\/2026\/01\/206b9d4b43ae115f458f0dd65166b0a74eeb6c83-768x512.jpg 768w, https:\/\/luvert.store\/wp-content\/uploads\/2026\/01\/206b9d4b43ae115f458f0dd65166b0a74eeb6c83-18x12.jpg 18w\" sizes=\"auto, (max-width: 1440px) 100vw, 1440px\" \/><\/figure>\n\n\n\n<figure class=\"wp-block-image is-style-ext-preset--image--natural-1--image-1--content-top is-style-ext-preset--image--natural-1--image-1--content-top--7\"><img loading=\"lazy\" decoding=\"async\" width=\"960\" height=\"1440\" src=\"https:\/\/luvert.store\/wp-content\/uploads\/2026\/01\/badc21d439926075ef0ac0f4d618a236b1e16148.jpg\" alt=\"\" class=\"wp-image-79\" style=\"aspect-ratio:1;object-fit:cover\" srcset=\"https:\/\/luvert.store\/wp-content\/uploads\/2026\/01\/badc21d439926075ef0ac0f4d618a236b1e16148.jpg 960w, https:\/\/luvert.store\/wp-content\/uploads\/2026\/01\/badc21d439926075ef0ac0f4d618a236b1e16148-200x300.jpg 200w, https:\/\/luvert.store\/wp-content\/uploads\/2026\/01\/badc21d439926075ef0ac0f4d618a236b1e16148-683x1024.jpg 683w, https:\/\/luvert.store\/wp-content\/uploads\/2026\/01\/badc21d439926075ef0ac0f4d618a236b1e16148-768x1152.jpg 768w, https:\/\/luvert.store\/wp-content\/uploads\/2026\/01\/badc21d439926075ef0ac0f4d618a236b1e16148-8x12.jpg 8w\" sizes=\"auto, (max-width: 960px) 100vw, 960px\" \/><\/figure>\n<\/div>\n\n\n\n<div class=\"wp-block-column is-vertically-aligned-top is-layout-flow wp-container-core-column-is-layout-f5bb311e wp-block-column-is-layout-flow\">\n<figure class=\"wp-block-image is-style-ext-preset--image--natural-1--image-1--content-top is-style-ext-preset--image--natural-1--image-1--content-top--8\"><img loading=\"lazy\" decoding=\"async\" width=\"1029\" height=\"1440\" src=\"https:\/\/luvert.store\/wp-content\/uploads\/2026\/01\/981e189189ce05583630df95b3e1afe881acda04.jpg\" alt=\"\" class=\"wp-image-71\" style=\"aspect-ratio:1;object-fit:cover\" srcset=\"https:\/\/luvert.store\/wp-content\/uploads\/2026\/01\/981e189189ce05583630df95b3e1afe881acda04.jpg 1029w, https:\/\/luvert.store\/wp-content\/uploads\/2026\/01\/981e189189ce05583630df95b3e1afe881acda04-214x300.jpg 214w, https:\/\/luvert.store\/wp-content\/uploads\/2026\/01\/981e189189ce05583630df95b3e1afe881acda04-732x1024.jpg 732w, https:\/\/luvert.store\/wp-content\/uploads\/2026\/01\/981e189189ce05583630df95b3e1afe881acda04-768x1075.jpg 768w, https:\/\/luvert.store\/wp-content\/uploads\/2026\/01\/981e189189ce05583630df95b3e1afe881acda04-9x12.jpg 9w\" sizes=\"auto, (max-width: 1029px) 100vw, 1029px\" \/><\/figure>\n\n\n\n<figure class=\"wp-block-image is-style-ext-preset--image--natural-1--image-1--content-top is-style-ext-preset--image--natural-1--image-1--content-top--9\"><img loading=\"lazy\" decoding=\"async\" width=\"1440\" height=\"809\" src=\"https:\/\/luvert.store\/wp-content\/uploads\/2026\/01\/ca296b34fa673ad5e63debe9397523ccf307aab9.jpg\" alt=\"\" class=\"wp-image-74\" style=\"aspect-ratio:1;object-fit:cover\" srcset=\"https:\/\/luvert.store\/wp-content\/uploads\/2026\/01\/ca296b34fa673ad5e63debe9397523ccf307aab9.jpg 1440w, https:\/\/luvert.store\/wp-content\/uploads\/2026\/01\/ca296b34fa673ad5e63debe9397523ccf307aab9-300x169.jpg 300w, https:\/\/luvert.store\/wp-content\/uploads\/2026\/01\/ca296b34fa673ad5e63debe9397523ccf307aab9-1024x575.jpg 1024w, https:\/\/luvert.store\/wp-content\/uploads\/2026\/01\/ca296b34fa673ad5e63debe9397523ccf307aab9-768x431.jpg 768w, https:\/\/luvert.store\/wp-content\/uploads\/2026\/01\/ca296b34fa673ad5e63debe9397523ccf307aab9-18x10.jpg 18w\" sizes=\"auto, (max-width: 1440px) 100vw, 1440px\" \/><\/figure>\n<\/div>\n<\/div>\n<\/div>\n\n\n\n<p><\/p>","protected":false},"excerpt":{"rendered":"<p>Atmosf\u00e9ra pln\u00e1 hier, piva a skvelej hudby Pozrite si gal\u00e9riu momentiek z na\u0161ich eventov.<\/p>","protected":false},"author":1,"featured_media":0,"parent":0,"menu_order":0,"comment_status":"closed","ping_status":"closed","template":"page-with-title","meta":{"_monsterinsights_skip_tracking":false,"_monsterinsights_sitenote_active":false,"_monsterinsights_sitenote_note":"","_monsterinsights_sitenote_category":0,"footnotes":""},"class_list":["post-53","page","type-page","status-publish","hentry"],"aioseo_notices":[],"_links":{"self":[{"href":"https:\/\/luvert.store\/en\/wp-json\/wp\/v2\/pages\/53","targetHints":{"allow":["GET"]}}],"collection":[{"href":"https:\/\/luvert.store\/en\/wp-json\/wp\/v2\/pages"}],"about":[{"href":"https:\/\/luvert.store\/en\/wp-json\/wp\/v2\/types\/page"}],"author":[{"embeddable":true,"href":"https:\/\/luvert.store\/en\/wp-json\/wp\/v2\/users\/1"}],"replies":[{"embeddable":true,"href":"https:\/\/luvert.store\/en\/wp-json\/wp\/v2\/comments?post=53"}],"version-history":[{"count":4,"href":"https:\/\/luvert.store\/en\/wp-json\/wp\/v2\/pages\/53\/revisions"}],"predecessor-version":[{"id":144,"href":"https:\/\/luvert.store\/en\/wp-json\/wp\/v2\/pages\/53\/revisions\/144"}],"wp:attachment":[{"href":"https:\/\/luvert.store\/en\/wp-json\/wp\/v2\/media?parent=53"}],"curies":[{"name":"wp","href":"https:\/\/api.w.org\/{rel}","templated":true}]}}